{"id":1679,"date":"2024-08-27T16:29:38","date_gmt":"2024-08-27T14:29:38","guid":{"rendered":"https:\/\/osteoforte.de\/politica-de-privacidad\/"},"modified":"2024-08-27T16:29:40","modified_gmt":"2024-08-27T14:29:40","slug":"politica-de-privacidad","status":"publish","type":"page","link":"https:\/\/osteoforte.de\/es\/politica-de-privacidad\/","title":{"rendered":"Pol\u00edtica de privacidad"},"content":{"rendered":"<section  class='av_textblock_section av-m0cil7p7-db1022015163efc8aa5ae3af03a94925 '   itemscope=\"itemscope\" itemtype=\"https:\/\/schema.org\/CreativeWork\" ><div class='avia_textblock'  itemprop=\"text\" ><p><strong>Qui\u00e9nes somos<\/strong> La direcci\u00f3n de nuestro sitio web es: https:\/\/osteoforte.de. El pie de imprenta completo se encuentra en<strong>https:\/\/www.amitamin.com\/impressumKommentare<\/strong>. Cuando los visitantes publican comentarios en el sitio web, recogemos los datos que aparecen en el formulario de comentarios, la direcci\u00f3n IP del visitante y la cadena de agente de usuario (que identifica el navegador) para ayudar a detectar el spam.<br \/>\nSe puede crear una cadena de caracteres anonimizada (tambi\u00e9n conocida como hash) a partir de tu direcci\u00f3n de correo electr\u00f3nico y enviarla al servicio Gravatar para comprobar si la est\u00e1s utilizando.<br \/>\nPuedes encontrar la pol\u00edtica de privacidad del servicio Gravatar aqu\u00ed: https:\/\/automattic.com\/privacy\/. Una vez aprobado tu comentario, tu foto de perfil ser\u00e1 visible p\u00fablicamente en el contexto de tu comentario. <strong>Medios de comunicaci\u00f3n<\/strong> Si eres un usuario registrado y subes fotos a este sitio web, debes evitar subir fotos con una ubicaci\u00f3n GPS EXIF.<br \/>\nLos visitantes de este sitio web podr\u00edan descargar las fotos almacenadas en este sitio web y extraer su informaci\u00f3n de localizaci\u00f3n. <strong>Cookies<\/strong> Si escribes un comentario en nuestro sitio web, esto puede constituir un consentimiento para almacenar tu nombre, direcci\u00f3n de correo electr\u00f3nico y sitio web en cookies.<br \/>\nSe trata de una funci\u00f3n de comodidad para que no tengas que volver a introducir todos estos datos cuando escribas otro comentario.<br \/>\nEstas cookies se almacenan durante un a\u00f1o.<br \/>\nSi tienes una cuenta e inicias sesi\u00f3n en este sitio web, instalaremos una cookie temporal para determinar si tu navegador acepta cookies.<br \/>\nEsta cookie no contiene ning\u00fan dato personal y se descarta cuando cierras el navegador.<br \/>\nCuando inicies sesi\u00f3n, instalaremos algunas cookies para guardar tu informaci\u00f3n de inicio de sesi\u00f3n y tus opciones de visualizaci\u00f3n.<br \/>\nLas cookies de inicio de sesi\u00f3n caducan a los dos d\u00edas y las cookies de opciones de visualizaci\u00f3n al a\u00f1o.<br \/>\nSi seleccionas \u00abPermanecer conectado\u00bb al iniciar la sesi\u00f3n, \u00e9sta se mantendr\u00e1 durante quince d\u00edas.<br \/>\nCuando cierras la sesi\u00f3n de tu cuenta, se borran las cookies de inicio de sesi\u00f3n.<br \/>\nSi editas o publicas un art\u00edculo, se almacenar\u00e1 una cookie adicional en tu navegador.<br \/>\nEsta cookie no contiene ning\u00fan dato personal y s\u00f3lo se refiere al ID de publicaci\u00f3n del art\u00edculo que acabas de editar.<br \/>\nLa cookie caduca al cabo de un d\u00eda. <strong>Contenido incrustado de otros sitios web<\/strong> Las entradas de este sitio web pueden contener contenido incrustado (por ejemplo, v\u00eddeos, im\u00e1genes, art\u00edculos, etc.).<br \/>\nEl contenido incrustado de otros sitios web se comporta exactamente como si el visitante hubiera visitado el otro sitio web.<br \/>\nEstos sitios web pueden recopilar datos sobre ti, utilizar cookies, incrustar servicios adicionales de seguimiento de terceros y registrar tu interacci\u00f3n con este contenido incrustado, incluida tu interacci\u00f3n con el contenido incrustado si tienes una cuenta y has iniciado sesi\u00f3n en ese sitio web. <strong>Con qui\u00e9n compartimos tus datos<\/strong> Si solicitas un restablecimiento de contrase\u00f1a, tu direcci\u00f3n IP se incluir\u00e1 en el correo electr\u00f3nico de restablecimiento. <strong>Cu\u00e1nto tiempo almacenamos tus datos<\/strong> Si escribes un comentario, se almacenar\u00e1 indefinidamente, incluidos los metadatos.                 Esto nos permite reconocer y aprobar autom\u00e1ticamente los comentarios de seguimiento en lugar de mantenerlos en una cola de moderaci\u00f3n.<br \/>\nPara los usuarios que se registran en nuestro sitio web, tambi\u00e9n almacenamos la informaci\u00f3n personal que proporcionan en sus perfiles de usuario.<br \/>\nTodos los usuarios pueden ver, cambiar o eliminar su informaci\u00f3n personal en cualquier momento (el nombre de usuario no se puede cambiar).<br \/>\nLos administradores del sitio web tambi\u00e9n pueden ver y modificar esta informaci\u00f3n. <strong>Qu\u00e9 derechos tienes sobre tus datos<\/strong> Si tienes una cuenta en este sitio web o has escrito comentarios, puedes solicitarnos una exportaci\u00f3n de tus datos personales, incluidos los datos que nos hayas facilitado.<br \/>\nAdem\u00e1s, puedes solicitar la eliminaci\u00f3n de todos los datos personales que hayamos almacenado sobre ti.<br \/>\nEsto no incluye los datos que debamos conservar por motivos administrativos, legales o de seguridad. <strong>Cuando enviemos tus datos<\/strong>, los comentarios de los Visitantes podr\u00e1n ser analizados por un servicio automatizado de detecci\u00f3n de spam.       <\/p>\n<\/div><\/section>\n","protected":false},"excerpt":{"rendered":"","protected":false},"author":1,"featured_media":0,"parent":0,"menu_order":0,"comment_status":"closed","ping_status":"open","template":"","meta":{"footnotes":""},"class_list":["post-1679","page","type-page","status-publish","hentry"],"_links":{"self":[{"href":"https:\/\/osteoforte.de\/es\/wp-json\/wp\/v2\/pages\/1679","targetHints":{"allow":["GET"]}}],"collection":[{"href":"https:\/\/osteoforte.de\/es\/wp-json\/wp\/v2\/pages"}],"about":[{"href":"https:\/\/osteoforte.de\/es\/wp-json\/wp\/v2\/types\/page"}],"author":[{"embeddable":true,"href":"https:\/\/osteoforte.de\/es\/wp-json\/wp\/v2\/users\/1"}],"replies":[{"embeddable":true,"href":"https:\/\/osteoforte.de\/es\/wp-json\/wp\/v2\/comments?post=1679"}],"version-history":[{"count":4,"href":"https:\/\/osteoforte.de\/es\/wp-json\/wp\/v2\/pages\/1679\/revisions"}],"predecessor-version":[{"id":1689,"href":"https:\/\/osteoforte.de\/es\/wp-json\/wp\/v2\/pages\/1679\/revisions\/1689"}],"wp:attachment":[{"href":"https:\/\/osteoforte.de\/es\/wp-json\/wp\/v2\/media?parent=1679"}],"curies":[{"name":"wp","href":"https:\/\/api.w.org\/{rel}","templated":true}]}}